{"id":15,"date":"2018-06-13T20:46:24","date_gmt":"2018-06-13T20:46:24","guid":{"rendered":"http:\/\/www.villasanignacio.com.ar\/w\/?page_id=15"},"modified":"2018-11-15T20:23:39","modified_gmt":"2018-11-15T20:23:39","slug":"inicio","status":"publish","type":"page","link":"https:\/\/www.villasanignacio.com.ar\/w\/","title":{"rendered":"Inicio"},"content":{"rendered":"<div class=\"vce-row-container\"><div class=\"vce-row vce-row--col-gap-30 vce-row-columns--top vce-row-content--middle\" id=\"el-374969e2\" data-vce-do-apply=\"all el-374969e2\" data-vce-animate=\"vce-o-animate--fadeInRight\"><div class=\"vce-content-background-container\"><\/div><div class=\"vce-row-content\" data-vce-element-content=\"true\"><div class=\"vce-col vce-col--md-100p vce-col--xs-1 vce-col--xs-last vce-col--xs-first vce-col--sm-last vce-col--sm-first vce-col--md-last vce-col--lg-last vce-col--xl-last vce-col--md-first vce-col--lg-first vce-col--xl-first\" id=\"el-fd5f1c8c\" data-vce-do-apply=\"background border el-fd5f1c8c\"><div class=\"vce-content-background-container\"><div class=\"vce-asset-parallax-container vce-visible-all-only\" data-vce-assets-parallax=\".vce-asset-parallax\"><div class=\"vce-asset-parallax\" style=\"top: -30vh; bottom: -30vh; transform: translateY(-3.1918vh);\"><\/div><\/div><\/div><div class=\"vce-col-inner\" data-vce-element-content=\"true\" data-vce-do-apply=\"padding margin  el-fd5f1c8c\" data-vce-animate=\"vce-o-animate--fadeInRight\"><div class=\"vce-col-content\"><div class=\"vce-simple-image-slider\"><div class=\"vce-simple-image-slider-wrapper vce vce-simple-image-slider-shape--rounded\" id=\"el-34fb9f89\" data-vce-do-apply=\"all el-34fb9f89\"><div class=\"vce-simple-image-slider-helper vce-simple-image-slider-aspect-ratio--custom\" style=\"padding-top: 50%;\"><div class=\"vce-simple-image-slider-list\" data-slick-autoplay=\"on\" data-slick-autoplay-delay=\"3000\" data-slick-effect=\"fade\" data-slick-dots=\"on\" data-slick-arrows=\"on\" data-reactroot=\"\"><div class=\"slick-list\"><div class=\"vce-simple-image-slider-arrow vce-simple-image-slider-arrows-color--ba-255-255-255-0-5 vce-simple-image-slider-arrows-color-hover--fff vce-simple-image-slider-prev-arrow\"><svg width=\"16px\" height=\"25px\" viewBox=\"0 0 16 25\"><polygon id=\"Prev-Arrow\" points=\"12.3743687 5.68434189e-14 0 12.3743687 12.0208153 24.395184 14.1421356 22.2738636 4.31790889 12.4496369 14.5709572 2.19658855\"><\/polygon><\/svg><\/div><div class=\"slick-track\"><div class=\"vce-simple-image-slider-item vc-slick-item\"><div style=\"background-image:url(https:\/\/www.villasanignacio.com.ar\/w\/wp-content\/uploads\/2018\/10\/Verano-6.jpg)\" class=\"vce-simple-image-slider-img vce-simple-image-slider-img--scale vce-simple-image-slider-img--background-position-center-center\"><img decoding=\"async\" class=\"\" src=\"https:\/\/www.villasanignacio.com.ar\/w\/wp-content\/uploads\/2018\/10\/Verano-6.jpg\" style=\"display:none\"><\/div><\/div><div class=\"vce-simple-image-slider-item vc-slick-item\"><div style=\"background-image:url(https:\/\/www.villasanignacio.com.ar\/w\/wp-content\/uploads\/2018\/10\/Invierno-3.jpg)\" class=\"vce-simple-image-slider-img vce-simple-image-slider-img--scale vce-simple-image-slider-img--background-position-center-center\"><img decoding=\"async\" class=\"\" src=\"https:\/\/www.villasanignacio.com.ar\/w\/wp-content\/uploads\/2018\/10\/Invierno-3.jpg\" style=\"display:none\"><\/div><\/div><div class=\"vce-simple-image-slider-item vc-slick-item\"><div style=\"background-image:url(https:\/\/www.villasanignacio.com.ar\/w\/wp-content\/uploads\/2018\/06\/Bungalow-B-3.jpg)\" class=\"vce-simple-image-slider-img vce-simple-image-slider-img--scale vce-simple-image-slider-img--background-position-center-center\"><img decoding=\"async\" class=\"\" src=\"https:\/\/www.villasanignacio.com.ar\/w\/wp-content\/uploads\/2018\/06\/Bungalow-B-3.jpg\" style=\"display:none\"><\/div><\/div><div class=\"vce-simple-image-slider-item vc-slick-item\"><div style=\"background-image:url(https:\/\/www.villasanignacio.com.ar\/w\/wp-content\/uploads\/2018\/06\/conflores.jpg)\" class=\"vce-simple-image-slider-img vce-simple-image-slider-img--scale vce-simple-image-slider-img--background-position-center-center\"><img decoding=\"async\" class=\"\" src=\"https:\/\/www.villasanignacio.com.ar\/w\/wp-content\/uploads\/2018\/06\/conflores.jpg\" style=\"display:none\"><\/div><\/div><div class=\"vce-simple-image-slider-item vc-slick-item\"><div style=\"background-image:url(https:\/\/www.villasanignacio.com.ar\/w\/wp-content\/uploads\/2018\/06\/frontal1.jpg)\" class=\"vce-simple-image-slider-img vce-simple-image-slider-img--scale vce-simple-image-slider-img--background-position-center-center\"><img decoding=\"async\" class=\"\" src=\"https:\/\/www.villasanignacio.com.ar\/w\/wp-content\/uploads\/2018\/06\/frontal1.jpg\" style=\"display:none\"><\/div><\/div><div class=\"vce-simple-image-slider-item vc-slick-item\"><div style=\"background-image:url(https:\/\/www.villasanignacio.com.ar\/w\/wp-content\/uploads\/2018\/06\/frontal2.jpg)\" class=\"vce-simple-image-slider-img vce-simple-image-slider-img--scale vce-simple-image-slider-img--background-position-center-center\"><img decoding=\"async\" class=\"\" src=\"https:\/\/www.villasanignacio.com.ar\/w\/wp-content\/uploads\/2018\/06\/frontal2.jpg\" style=\"display:none\"><\/div><\/div><div class=\"vce-simple-image-slider-item vc-slick-item\"><div style=\"background-image:url(https:\/\/www.villasanignacio.com.ar\/w\/wp-content\/uploads\/2018\/06\/exterior2010.jpg)\" class=\"vce-simple-image-slider-img vce-simple-image-slider-img--scale vce-simple-image-slider-img--background-position-center-center\"><img decoding=\"async\" class=\"\" src=\"https:\/\/www.villasanignacio.com.ar\/w\/wp-content\/uploads\/2018\/06\/exterior2010.jpg\" style=\"display:none\"><\/div><\/div><\/div><div class=\"vce-simple-image-slider-arrow vce-simple-image-slider-arrows-color--ba-255-255-255-0-5 vce-simple-image-slider-arrows-color-hover--fff vce-simple-image-slider-next-arrow\"><svg width=\"16px\" height=\"25px\" viewBox=\"0 0 16 25\"><polygon id=\"Next-Arrow\" points=\"3.02081528 24.395184 15.395184 12.0208153 3.37436867 1.13686838e-13 1.25304833 2.12132034 11.0772751 11.9455471 0.824226734 22.1985954\"><\/polygon><\/svg><\/div><\/div><\/div><div class=\"vce-simple-image-slider-dots vce-simple-image-slider-dots-color--fff vce-simple-image-slider-dots-color-hover--fd9a00\" data-reactroot=\"\"><\/div><\/div><\/div><\/div><div class=\"vce-text-block\"><div class=\"vce-text-block-wrapper vce\" id=\"el-35fc2b09\" data-vce-do-apply=\"all el-35fc2b09\"><p style=\"text-align: center;\"><span style=\"color: #000000;\">Disfrute de la magia de la patagonia cordillerana, con sus inmensos y cristalinos lagos,<\/span><br><span style=\"color: #000000;\">sus imponentes monta\u00f1as, y bosques andino-patag\u00f3nicos.<\/span><br><span style=\"color: #000000;\">Alli se encuentran enclavados nuestros bungalows, sobre el faldeo del Cerro Otto,<\/span><br><span style=\"color: #000000;\">con el confort t\u00edpico de la construcci\u00f3n de la regi\u00f3n.<\/span><\/p><h5 style=\"text-align: center;\"><span style=\"color: #993300;\">Villa San Ignacio<\/span> <span style=\"color: #993300;\">Bariloche - Patagonia - Argentina<br><span style=\"color: #ffffff;\"> caba\u00f1as en bariloche - bungalows en bariloche- hospedaje en bariloche <\/span><\/span><\/h5><hr><p><span style=\"color: #808000;\"><strong>Cont\u00e1ctenos:<\/strong><\/span><\/p><p>\n<div class=\"wpcf7 no-js\" id=\"wpcf7-f75-o1\" lang=\"es-ES\" dir=\"ltr\">\n<div class=\"screen-reader-response\"><p role=\"status\" aria-live=\"polite\" aria-atomic=\"true\"><\/p> <ul><\/ul><\/div>\n<form action=\"\/w\/wp-json\/wp\/v2\/pages\/15#wpcf7-f75-o1\" method=\"post\" class=\"wpcf7-form init\" aria-label=\"Formulario de contacto\" novalidate=\"novalidate\" data-status=\"init\">\n<div style=\"display: none;\">\n<input type=\"hidden\" name=\"_wpcf7\" value=\"75\" \/>\n<input type=\"hidden\" name=\"_wpcf7_version\" value=\"5.9.6\" \/>\n<input type=\"hidden\" name=\"_wpcf7_locale\" value=\"es_ES\" \/>\n<input type=\"hidden\" name=\"_wpcf7_unit_tag\" value=\"wpcf7-f75-o1\" \/>\n<input type=\"hidden\" name=\"_wpcf7_container_post\" value=\"0\" \/>\n<input type=\"hidden\" name=\"_wpcf7_posted_data_hash\" value=\"\" \/>\n<\/div>\n<p><label> Tu nombre (requerido)<br \/>\n<span class=\"wpcf7-form-control-wrap\" data-name=\"your-name\"><input size=\"40\" maxlength=\"80\" class=\"wpcf7-form-control wpcf7-text wpcf7-validates-as-required\" aria-required=\"true\" aria-invalid=\"false\" value=\"\" type=\"text\" name=\"your-name\" \/><\/span> <\/label>\n<\/p>\n<p><label> Tu correo electr\u00f3nico (requerido)<br \/>\n<span class=\"wpcf7-form-control-wrap\" data-name=\"su-email\"><input size=\"40\" maxlength=\"80\" class=\"wpcf7-form-control wpcf7-email wpcf7-validates-as-required wpcf7-text wpcf7-validates-as-email\" aria-required=\"true\" aria-invalid=\"false\" value=\"\" type=\"email\" name=\"su-email\" \/><\/span> <\/label>\n<\/p>\n<p><label> Dia de llegada (requerido)<br \/>\n<span class=\"wpcf7-form-control-wrap\" data-name=\"diallegada\"><input class=\"wpcf7-form-control wpcf7-date wpcf7-validates-as-required wpcf7-validates-as-date\" aria-required=\"true\" aria-invalid=\"false\" value=\"\" type=\"date\" name=\"diallegada\" \/><\/span> <\/label>\n<\/p>\n<p><label> Cantidad de noches (requerido)<br \/>\n<span class=\"wpcf7-form-control-wrap\" data-name=\"noches\"><input size=\"40\" maxlength=\"80\" class=\"wpcf7-form-control wpcf7-text wpcf7-validates-as-required\" aria-required=\"true\" aria-invalid=\"false\" value=\"\" type=\"text\" name=\"noches\" \/><\/span><\/label>\n<\/p>\n<p><label> Cantidad de pasajeros (requerido)<br \/>\n<span class=\"wpcf7-form-control-wrap\" data-name=\"pasajeros\"><input size=\"40\" maxlength=\"80\" class=\"wpcf7-form-control wpcf7-text wpcf7-validates-as-required\" aria-required=\"true\" aria-invalid=\"false\" value=\"\" type=\"text\" name=\"pasajeros\" \/><\/span><\/label>\n<\/p>\n<p><label> Asunto (requerido)<br \/>\n<span class=\"wpcf7-form-control-wrap\" data-name=\"your-asunto\"><input size=\"40\" maxlength=\"80\" class=\"wpcf7-form-control wpcf7-text wpcf7-validates-as-required\" aria-required=\"true\" aria-invalid=\"false\" value=\"\" type=\"text\" name=\"your-asunto\" \/><\/span><\/label>\n<\/p>\n<p><label> Tu mensaje<br \/>\n<span class=\"wpcf7-form-control-wrap\" data-name=\"your-message\"><textarea cols=\"40\" rows=\"10\" maxlength=\"400\" class=\"wpcf7-form-control wpcf7-textarea wpcf7-validates-as-required\" aria-required=\"true\" aria-invalid=\"false\" name=\"your-message\"><\/textarea><\/span> <\/label>\n<\/p>\n<p><input class=\"wpcf7-form-control wpcf7-submit has-spinner\" type=\"submit\" value=\"Enviar\" \/>\n<\/p><div class=\"wpcf7-response-output\" aria-hidden=\"true\"><\/div>\n<\/form>\n<\/div>\n<\/p><\/div><\/div><\/div><\/div><\/div><\/div><\/div><\/div><div class=\"vce-row-container\"><div class=\"vce-row vce-row--col-gap-30 vce-row-columns--top vce-row-content--top\" id=\"el-3ea5693b\" data-vce-do-apply=\"all el-3ea5693b\"><div class=\"vce-row-content\" data-vce-element-content=\"true\"><\/div><\/div><\/div>\n","protected":false},"excerpt":{"rendered":"<p>Disfrute de la magia de la patagonia cordillerana, con sus inmensos y cristalinos lagos,sus imponentes monta\u00f1as, y bosques andino-patag\u00f3nicos.Alli se encuentran enclavados nuestros bungalows, sobre el faldeo del Cerro Otto,con el confort t\u00edpico de&#46;&#46;&#46;<\/p>\n","protected":false},"author":1,"featured_media":0,"parent":0,"menu_order":0,"comment_status":"closed","ping_status":"closed","template":"","meta":{"footnotes":""},"aioseo_notices":[],"_links":{"self":[{"href":"https:\/\/www.villasanignacio.com.ar\/w\/wp-json\/wp\/v2\/pages\/15"}],"collection":[{"href":"https:\/\/www.villasanignacio.com.ar\/w\/wp-json\/wp\/v2\/pages"}],"about":[{"href":"https:\/\/www.villasanignacio.com.ar\/w\/wp-json\/wp\/v2\/types\/page"}],"author":[{"embeddable":true,"href":"https:\/\/www.villasanignacio.com.ar\/w\/wp-json\/wp\/v2\/users\/1"}],"replies":[{"embeddable":true,"href":"https:\/\/www.villasanignacio.com.ar\/w\/wp-json\/wp\/v2\/comments?post=15"}],"version-history":[{"count":24,"href":"https:\/\/www.villasanignacio.com.ar\/w\/wp-json\/wp\/v2\/pages\/15\/revisions"}],"predecessor-version":[{"id":592,"href":"https:\/\/www.villasanignacio.com.ar\/w\/wp-json\/wp\/v2\/pages\/15\/revisions\/592"}],"wp:attachment":[{"href":"https:\/\/www.villasanignacio.com.ar\/w\/wp-json\/wp\/v2\/media?parent=15"}],"curies":[{"name":"wp","href":"https:\/\/api.w.org\/{rel}","templated":true}]}}