{"id":167,"date":"2018-06-15T00:38:14","date_gmt":"2018-06-15T00:38:14","guid":{"rendered":"http:\/\/www.villasanignacio.com.ar\/w\/?page_id=167"},"modified":"2018-11-13T19:03:14","modified_gmt":"2018-11-13T19:03:14","slug":"bariloche_br","status":"publish","type":"page","link":"https:\/\/www.villasanignacio.com.ar\/w\/bariloche_br\/","title":{"rendered":"Bariloche"},"content":{"rendered":"<h2><span style=\"color: #333300;\">Nossa Cidade<\/span><\/h2>\n<p><img loading=\"lazy\" decoding=\"async\" class=\"alignnone wp-image-95\" src=\"http:\/\/www.villasanignacio.com.ar\/w\/wp-content\/uploads\/2018\/06\/barilochedron-300x197.jpg\" alt=\"\" width=\"240\" height=\"158\" srcset=\"https:\/\/www.villasanignacio.com.ar\/w\/wp-content\/uploads\/2018\/06\/barilochedron-300x197.jpg 300w, https:\/\/www.villasanignacio.com.ar\/w\/wp-content\/uploads\/2018\/06\/barilochedron-320x211.jpg 320w, https:\/\/www.villasanignacio.com.ar\/w\/wp-content\/uploads\/2018\/06\/barilochedron-480x316.jpg 480w, https:\/\/www.villasanignacio.com.ar\/w\/wp-content\/uploads\/2018\/06\/barilochedron.jpg 506w\" sizes=\"(max-width: 240px) 100vw, 240px\" \/> <img loading=\"lazy\" decoding=\"async\" class=\"alignnone wp-image-97\" src=\"http:\/\/www.villasanignacio.com.ar\/w\/wp-content\/uploads\/2018\/06\/playaverde-300x200.jpg\" alt=\"\" width=\"237\" height=\"158\" srcset=\"https:\/\/www.villasanignacio.com.ar\/w\/wp-content\/uploads\/2018\/06\/playaverde-300x200.jpg 300w, https:\/\/www.villasanignacio.com.ar\/w\/wp-content\/uploads\/2018\/06\/playaverde-768x512.jpg 768w, https:\/\/www.villasanignacio.com.ar\/w\/wp-content\/uploads\/2018\/06\/playaverde-320x213.jpg 320w, https:\/\/www.villasanignacio.com.ar\/w\/wp-content\/uploads\/2018\/06\/playaverde-480x320.jpg 480w, https:\/\/www.villasanignacio.com.ar\/w\/wp-content\/uploads\/2018\/06\/playaverde-800x534.jpg 800w, https:\/\/www.villasanignacio.com.ar\/w\/wp-content\/uploads\/2018\/06\/playaverde.jpg 1024w\" sizes=\"(max-width: 237px) 100vw, 237px\" \/> <img loading=\"lazy\" decoding=\"async\" class=\"alignnone wp-image-98\" src=\"http:\/\/www.villasanignacio.com.ar\/w\/wp-content\/uploads\/2018\/06\/playabonita-300x169.jpg\" alt=\"\" width=\"282\" height=\"159\" srcset=\"https:\/\/www.villasanignacio.com.ar\/w\/wp-content\/uploads\/2018\/06\/playabonita-300x169.jpg 300w, https:\/\/www.villasanignacio.com.ar\/w\/wp-content\/uploads\/2018\/06\/playabonita-768x432.jpg 768w, https:\/\/www.villasanignacio.com.ar\/w\/wp-content\/uploads\/2018\/06\/playabonita-320x180.jpg 320w, https:\/\/www.villasanignacio.com.ar\/w\/wp-content\/uploads\/2018\/06\/playabonita-480x270.jpg 480w, https:\/\/www.villasanignacio.com.ar\/w\/wp-content\/uploads\/2018\/06\/playabonita-800x450.jpg 800w, https:\/\/www.villasanignacio.com.ar\/w\/wp-content\/uploads\/2018\/06\/playabonita.jpg 1024w\" sizes=\"(max-width: 282px) 100vw, 282px\" \/><\/p>\n<p><img loading=\"lazy\" decoding=\"async\" class=\"alignnone wp-image-99\" src=\"http:\/\/www.villasanignacio.com.ar\/w\/wp-content\/uploads\/2018\/06\/puntanevada-300x200.jpg\" alt=\"\" width=\"242\" height=\"161\" srcset=\"https:\/\/www.villasanignacio.com.ar\/w\/wp-content\/uploads\/2018\/06\/puntanevada-300x200.jpg 300w, https:\/\/www.villasanignacio.com.ar\/w\/wp-content\/uploads\/2018\/06\/puntanevada-768x512.jpg 768w, https:\/\/www.villasanignacio.com.ar\/w\/wp-content\/uploads\/2018\/06\/puntanevada-320x213.jpg 320w, https:\/\/www.villasanignacio.com.ar\/w\/wp-content\/uploads\/2018\/06\/puntanevada-480x320.jpg 480w, https:\/\/www.villasanignacio.com.ar\/w\/wp-content\/uploads\/2018\/06\/puntanevada-800x534.jpg 800w, https:\/\/www.villasanignacio.com.ar\/w\/wp-content\/uploads\/2018\/06\/puntanevada.jpg 1024w\" sizes=\"(max-width: 242px) 100vw, 242px\" \/> <img loading=\"lazy\" decoding=\"async\" class=\"alignnone wp-image-100\" src=\"http:\/\/www.villasanignacio.com.ar\/w\/wp-content\/uploads\/2018\/06\/limay-300x200.jpg\" alt=\"\" width=\"245\" height=\"163\" srcset=\"https:\/\/www.villasanignacio.com.ar\/w\/wp-content\/uploads\/2018\/06\/limay-300x200.jpg 300w, https:\/\/www.villasanignacio.com.ar\/w\/wp-content\/uploads\/2018\/06\/limay-768x512.jpg 768w, https:\/\/www.villasanignacio.com.ar\/w\/wp-content\/uploads\/2018\/06\/limay-320x213.jpg 320w, https:\/\/www.villasanignacio.com.ar\/w\/wp-content\/uploads\/2018\/06\/limay-480x320.jpg 480w, https:\/\/www.villasanignacio.com.ar\/w\/wp-content\/uploads\/2018\/06\/limay-800x534.jpg 800w, https:\/\/www.villasanignacio.com.ar\/w\/wp-content\/uploads\/2018\/06\/limay.jpg 1024w\" sizes=\"(max-width: 245px) 100vw, 245px\" \/> <img loading=\"lazy\" decoding=\"async\" class=\"alignnone wp-image-101\" src=\"http:\/\/www.villasanignacio.com.ar\/w\/wp-content\/uploads\/2018\/06\/canopynieve-300x200.jpg\" alt=\"\" width=\"246\" height=\"164\" srcset=\"https:\/\/www.villasanignacio.com.ar\/w\/wp-content\/uploads\/2018\/06\/canopynieve-300x200.jpg 300w, https:\/\/www.villasanignacio.com.ar\/w\/wp-content\/uploads\/2018\/06\/canopynieve-768x512.jpg 768w, https:\/\/www.villasanignacio.com.ar\/w\/wp-content\/uploads\/2018\/06\/canopynieve-320x213.jpg 320w, https:\/\/www.villasanignacio.com.ar\/w\/wp-content\/uploads\/2018\/06\/canopynieve-480x320.jpg 480w, https:\/\/www.villasanignacio.com.ar\/w\/wp-content\/uploads\/2018\/06\/canopynieve-800x534.jpg 800w, https:\/\/www.villasanignacio.com.ar\/w\/wp-content\/uploads\/2018\/06\/canopynieve.jpg 1024w\" sizes=\"(max-width: 246px) 100vw, 246px\" \/><\/p>\n<hr \/>\n<h2 align=\"left\"><span style=\"color: #333300;\"><u><b>Atividades:<\/b><\/u><\/span><\/h2>\n<p align=\"left\"><strong>\u00a0<\/strong><\/p>\n<table id=\"table5\" border=\"0\" width=\"100%\" cellspacing=\"0\" cellpadding=\"3\">\n<tbody>\n<tr>\n<td width=\"53\"><a href=\"http:\/\/villasanignacio.com.ar\/images\/flyfishing.jpg\" target=\"_self\"> <img loading=\"lazy\" decoding=\"async\" src=\"http:\/\/villasanignacio.com.ar\/flyfishing.jpg\" width=\"100\" height=\"102\" border=\"0\" \/><\/a><\/td>\n<td>Pesca de <span lang=\"EN-US\"> <span lang=\"ES\"> truta<\/span><\/span> nos diferentes estilos,<br \/>\ndesde o 01 de novembro ao 30 de abril.<\/td>\n<\/tr>\n<tr class=\"alt\">\n<td width=\"53\"><a href=\"http:\/\/villasanignacio.com.ar\/images\/pescaembarcada.jpg\" target=\"_self\"> <img loading=\"lazy\" decoding=\"async\" src=\"http:\/\/villasanignacio.com.ar\/fpescae.jpg\" width=\"100\" height=\"73\" border=\"0\" \/><\/a><\/td>\n<td><b> Pesca embarcada.<\/b><\/td>\n<\/tr>\n<tr>\n<td width=\"53\"><a href=\"http:\/\/villasanignacio.com.ar\/images\/cabalgata.jpg\" target=\"_self\"> <img loading=\"lazy\" decoding=\"async\" src=\"http:\/\/villasanignacio.com.ar\/fcabalgata.jpg\" width=\"100\" height=\"103\" border=\"0\" \/><\/a><\/td>\n<td><span lang=\"EN-US\"> <span lang=\"ES\"> Cavalgada<\/span><\/span> com cavalos criollos por caminhos na montanha<\/td>\n<\/tr>\n<tr class=\"alt\">\n<td width=\"53\"><a href=\"http:\/\/villasanignacio.com.ar\/images\/mountainbike.jpg\" target=\"_self\"> <img loading=\"lazy\" decoding=\"async\" src=\"http:\/\/villasanignacio.com.ar\/mountainbike.jpg\" width=\"100\" height=\"80\" border=\"0\" \/><\/a><\/td>\n<td><span lang=\"EN-US\"> Mountain bike por caminhos na montanhas.<\/span><\/td>\n<\/tr>\n<tr>\n<td width=\"53\"><a href=\"http:\/\/villasanignacio.com.ar\/images\/trekking.jpg\" target=\"_self\"> <img loading=\"lazy\" decoding=\"async\" src=\"http:\/\/villasanignacio.com.ar\/ftrekking.jpg\" width=\"100\" height=\"97\" border=\"0\" \/><\/a><\/td>\n<td>\n<p align=\"left\"><span lang=\"EN-US\"> Trekking, camping, rapel, escaladas com possibilidade de pernoite em ref\u00fagios na montanha.<\/span><\/p>\n<\/td>\n<\/tr>\n<tr class=\"alt\">\n<td width=\"53\"><a href=\"http:\/\/villasanignacio.com.ar\/images\/esquiadores.jpg\" target=\"_self\"> <img loading=\"lazy\" decoding=\"async\" src=\"http:\/\/villasanignacio.com.ar\/esquiaqdores.jpg\" width=\"100\" height=\"86\" border=\"0\" \/><\/a><\/td>\n<td>Esportes na neve desde o dia 01 de julho ao dia 30 de setembro.<br \/>\n(<span lang=\"EN-US\"><span lang=\"ES\">Esqui<\/span><\/span> alpino, <span lang=\"EN-US\"> <span lang=\"ES\"> esqui<\/span><\/span> de fundo, <span lang=\"EN-US\"> <span lang=\"ES\"> snowboard<\/span><\/span>, <span lang=\"EN-US\"> <span lang=\"ES\"> snowcat<\/span><\/span> etc)<\/td>\n<\/tr>\n<tr>\n<td width=\"53\"><\/td>\n<td><\/td>\n<\/tr>\n<tr class=\"alt\">\n<td width=\"53\"><a href=\"http:\/\/villasanignacio.com.ar\/images\/lagofrias.jpg\" target=\"_self\"> <img loading=\"lazy\" decoding=\"async\" src=\"http:\/\/villasanignacio.com.ar\/ffrias.jpg\" width=\"100\" height=\"82\" border=\"0\" \/><\/a><\/td>\n<td>Passeios pelo lago Nahuel Huapi, para a Ilha Victoria e para o Bosque de <span lang=\"EN-US\"> <span lang=\"ES\"> Arrayanes<\/span><\/span>, \u00fanico no mundo, Porto <span lang=\"EN-US\"> <span lang=\"ES\"> Blest<\/span><\/span>, Lago Frias e Cascata dos C\u00e2ntaros, com poss\u00edvel cruzamento a Chile<\/td>\n<\/tr>\n<tr>\n<td width=\"53\"><a href=\"http:\/\/villasanignacio.com.ar\/images\/rafting.jpg\" target=\"_self\"> <img loading=\"lazy\" decoding=\"async\" src=\"http:\/\/villasanignacio.com.ar\/frafting.jpg\" width=\"100\" height=\"75\" border=\"0\" \/><\/a><\/td>\n<td>Rafting pelos rios Manso e Limay.<\/td>\n<\/tr>\n<tr class=\"alt\">\n<td width=\"53\"><a href=\"http:\/\/villasanignacio.com.ar\/images\/llaollao.jpg\" target=\"_self\"> <img loading=\"lazy\" decoding=\"async\" src=\"http:\/\/villasanignacio.com.ar\/fllaollao.jpg\" width=\"100\" height=\"101\" border=\"0\" \/><\/a><\/td>\n<td>Passeios terrestres, percorrido pela cidade fazendo o Circuito Chico.<\/td>\n<\/tr>\n<tr>\n<td width=\"53\"><a href=\"http:\/\/villasanignacio.com.ar\/images\/tronador.jpg\" target=\"_self\"> <img loading=\"lazy\" decoding=\"async\" src=\"http:\/\/villasanignacio.com.ar\/ftronador.jpg\" width=\"100\" height=\"57\" border=\"0\" \/><\/a><\/td>\n<td>Excurs\u00e3o ao Cerro Tronador, Cascata dos Alerces e Ventisquero Negro, Lago Mascardi e Lago Guti\u00e9rrez.<\/td>\n<\/tr>\n<tr class=\"alt\">\n<td width=\"53\"><a href=\"http:\/\/villasanignacio.com.ar\/images\/smandes.jpg\" target=\"_self\"> <img loading=\"lazy\" decoding=\"async\" src=\"http:\/\/villasanignacio.com.ar\/smandes.jpg\" width=\"100\" height=\"75\" border=\"0\" \/><\/a><\/td>\n<td>Excurs\u00e3o pela rota dos Sete Lagos para San Martin dos Andes<\/td>\n<\/tr>\n<tr>\n<td width=\"53\"><a href=\"http:\/\/villasanignacio.com.ar\/images\/elbolson.jpg\" target=\"_self\"> <img loading=\"lazy\" decoding=\"async\" src=\"http:\/\/villasanignacio.com.ar\/fbolson.jpg\" width=\"100\" height=\"80\" border=\"0\" \/><\/a><\/td>\n<td>Excurs\u00e3o ao El <span lang=\"EN-US\"> <span lang=\"ES\"> Bols\u00f3n<\/span><\/span>, ch\u00e1caras de fruta fina, Lago <span lang=\"EN-US\"> <span lang=\"ES\"> Puelo<\/span><\/span>.<\/td>\n<\/tr>\n<tr class=\"alt\">\n<td width=\"53\"><a href=\"http:\/\/villasanignacio.com.ar\/images\/lagotraful.jpg\" target=\"_self\"> <img loading=\"lazy\" decoding=\"async\" src=\"http:\/\/villasanignacio.com.ar\/ftraful.jpg\" width=\"100\" height=\"80\" border=\"0\" \/><\/a><\/td>\n<td>Vila <span lang=\"EN-US\"> <span lang=\"ES\"> Traful<\/span><\/span> e Lago <span lang=\"EN-US\"> <span lang=\"ES\"> Traful<\/span><\/span>.<\/td>\n<\/tr>\n<tr>\n<td width=\"53\"><a href=\"http:\/\/villasanignacio.com.ar\/images\/teleferico.jpg\" target=\"_self\"> <img loading=\"lazy\" decoding=\"async\" src=\"http:\/\/villasanignacio.com.ar\/teleferico.jpg\" width=\"100\" height=\"68\" border=\"0\" \/><\/a><\/td>\n<td>Subida ao Cerro <span lang=\"EN-US\"> <span lang=\"ES\"> Otto<\/span><\/span> e visita a sua exclusiva Confeitaria Girat\u00f3ria.<\/td>\n<\/tr>\n<tr class=\"alt\">\n<td width=\"53\"><a href=\"http:\/\/villasanignacio.com.ar\/images\/campanario.jpg\" target=\"_self\"> <img loading=\"lazy\" decoding=\"async\" src=\"http:\/\/villasanignacio.com.ar\/fcampanario.jpg\" width=\"100\" height=\"75\" border=\"0\" \/><\/a><\/td>\n<td>Subida ao Cerro Campan\u00e1rio, uma das 7 melhores vistas do mundo<\/td>\n<\/tr>\n<tr>\n<td width=\"53\"><img loading=\"lazy\" decoding=\"async\" src=\"http:\/\/villasanignacio.com.ar\/actividades_archivos\/image002.jpg\" width=\"98\" height=\"95\" border=\"0\" \/><\/td>\n<td>Aulas e espet\u00e1culos de Tango. Espet\u00e1culos de <span lang=\"EN-US\"> <span lang=\"ES\"> folclore<\/span><\/span> nacional.<\/td>\n<\/tr>\n<tr class=\"alt\">\n<td width=\"53\"><\/td>\n<\/tr>\n<tr>\n<td width=\"53\"><\/td>\n<\/tr>\n<\/tbody>\n<\/table>\n<p>Visitas ao Museu da Patagonia, Museu Geol\u00f3gico, Museu Paleontol\u00f3gico, Museu Antigos Colonizadores da Colonia Sui\u00e7a.<\/p>\n<p>&nbsp;<\/p>\n","protected":false},"excerpt":{"rendered":"<p>Nossa Cidade Atividades: \u00a0 Pesca de truta nos diferentes estilos, desde o 01 de novembro ao 30 de abril. Pesca embarcada. Cavalgada com cavalos criollos por caminhos na montanha Mountain bike por caminhos na&#46;&#46;&#46;<\/p>\n","protected":false},"author":1,"featured_media":0,"parent":0,"menu_order":0,"comment_status":"closed","ping_status":"closed","template":"","meta":{"footnotes":""},"aioseo_notices":[],"_links":{"self":[{"href":"https:\/\/www.villasanignacio.com.ar\/w\/wp-json\/wp\/v2\/pages\/167"}],"collection":[{"href":"https:\/\/www.villasanignacio.com.ar\/w\/wp-json\/wp\/v2\/pages"}],"about":[{"href":"https:\/\/www.villasanignacio.com.ar\/w\/wp-json\/wp\/v2\/types\/page"}],"author":[{"embeddable":true,"href":"https:\/\/www.villasanignacio.com.ar\/w\/wp-json\/wp\/v2\/users\/1"}],"replies":[{"embeddable":true,"href":"https:\/\/www.villasanignacio.com.ar\/w\/wp-json\/wp\/v2\/comments?post=167"}],"version-history":[{"count":6,"href":"https:\/\/www.villasanignacio.com.ar\/w\/wp-json\/wp\/v2\/pages\/167\/revisions"}],"predecessor-version":[{"id":348,"href":"https:\/\/www.villasanignacio.com.ar\/w\/wp-json\/wp\/v2\/pages\/167\/revisions\/348"}],"wp:attachment":[{"href":"https:\/\/www.villasanignacio.com.ar\/w\/wp-json\/wp\/v2\/media?parent=167"}],"curies":[{"name":"wp","href":"https:\/\/api.w.org\/{rel}","templated":true}]}}