{"id":191,"date":"2018-06-15T12:20:32","date_gmt":"2018-06-15T12:20:32","guid":{"rendered":"http:\/\/www.villasanignacio.com.ar\/w\/?page_id=191"},"modified":"2018-11-13T19:08:32","modified_gmt":"2018-11-13T19:08:32","slug":"bungalows_fr","status":"publish","type":"page","link":"https:\/\/www.villasanignacio.com.ar\/w\/bungalows_fr\/","title":{"rendered":"Bungalows"},"content":{"rendered":"<h2><span style=\"color: #333300;\"><u><strong>Int\u00e9rieurs<\/strong><\/u><\/span><\/h2>\n<p><b> Bungalows enti\u00e8rement \u00e9quip\u00e9s et d\u00e9cor\u00e9s dans le style de la Patagonie<\/b><\/p>\n<p><u><strong> Bungalows A:<\/strong><\/u><\/p>\n<ul>\n<li>4 chambres &#8211; 60m2<\/li>\n<li>Rez de chauss\u00e9e: grand salon-salle \u00e0 manger, cuisine, chambre double, salle de bains<\/li>\n<li>Au 1\u00aa \u00e9tage: une chambre avec deux lits simples, et un outr\u00e9 avec des lits suppl\u00e9mentaires<\/li>\n<\/ul>\n<ul>\n<li><\/li>\n<\/ul>\n<p><img loading=\"lazy\" decoding=\"async\" class=\"alignnone wp-image-106 \" src=\"http:\/\/www.villasanignacio.com.ar\/w\/wp-content\/uploads\/2018\/06\/Bungalow-A-1-300x200.jpg\" alt=\"\" width=\"252\" height=\"168\" srcset=\"https:\/\/www.villasanignacio.com.ar\/w\/wp-content\/uploads\/2018\/06\/Bungalow-A-1-300x200.jpg 300w, https:\/\/www.villasanignacio.com.ar\/w\/wp-content\/uploads\/2018\/06\/Bungalow-A-1-768x512.jpg 768w, https:\/\/www.villasanignacio.com.ar\/w\/wp-content\/uploads\/2018\/06\/Bungalow-A-1-320x213.jpg 320w, https:\/\/www.villasanignacio.com.ar\/w\/wp-content\/uploads\/2018\/06\/Bungalow-A-1-480x320.jpg 480w, https:\/\/www.villasanignacio.com.ar\/w\/wp-content\/uploads\/2018\/06\/Bungalow-A-1-800x534.jpg 800w, https:\/\/www.villasanignacio.com.ar\/w\/wp-content\/uploads\/2018\/06\/Bungalow-A-1.jpg 1024w\" sizes=\"(max-width: 252px) 100vw, 252px\" \/> <img loading=\"lazy\" decoding=\"async\" class=\"alignnone wp-image-107\" src=\"http:\/\/www.villasanignacio.com.ar\/w\/wp-content\/uploads\/2018\/06\/Bungalow-A-8-300x200.jpg\" alt=\"\" width=\"252\" height=\"168\" srcset=\"https:\/\/www.villasanignacio.com.ar\/w\/wp-content\/uploads\/2018\/06\/Bungalow-A-8-300x200.jpg 300w, https:\/\/www.villasanignacio.com.ar\/w\/wp-content\/uploads\/2018\/06\/Bungalow-A-8-768x512.jpg 768w, https:\/\/www.villasanignacio.com.ar\/w\/wp-content\/uploads\/2018\/06\/Bungalow-A-8-320x213.jpg 320w, https:\/\/www.villasanignacio.com.ar\/w\/wp-content\/uploads\/2018\/06\/Bungalow-A-8-480x320.jpg 480w, https:\/\/www.villasanignacio.com.ar\/w\/wp-content\/uploads\/2018\/06\/Bungalow-A-8-800x534.jpg 800w, https:\/\/www.villasanignacio.com.ar\/w\/wp-content\/uploads\/2018\/06\/Bungalow-A-8.jpg 1024w\" sizes=\"(max-width: 252px) 100vw, 252px\" \/> <img loading=\"lazy\" decoding=\"async\" class=\"alignnone wp-image-108\" src=\"http:\/\/www.villasanignacio.com.ar\/w\/wp-content\/uploads\/2018\/06\/Bungalow-A-9-300x200.jpg\" alt=\"\" width=\"249\" height=\"166\" srcset=\"https:\/\/www.villasanignacio.com.ar\/w\/wp-content\/uploads\/2018\/06\/Bungalow-A-9-300x200.jpg 300w, https:\/\/www.villasanignacio.com.ar\/w\/wp-content\/uploads\/2018\/06\/Bungalow-A-9-768x512.jpg 768w, https:\/\/www.villasanignacio.com.ar\/w\/wp-content\/uploads\/2018\/06\/Bungalow-A-9-320x213.jpg 320w, https:\/\/www.villasanignacio.com.ar\/w\/wp-content\/uploads\/2018\/06\/Bungalow-A-9-480x320.jpg 480w, https:\/\/www.villasanignacio.com.ar\/w\/wp-content\/uploads\/2018\/06\/Bungalow-A-9-800x534.jpg 800w, https:\/\/www.villasanignacio.com.ar\/w\/wp-content\/uploads\/2018\/06\/Bungalow-A-9.jpg 1024w\" sizes=\"(max-width: 249px) 100vw, 249px\" \/><\/p>\n<hr \/>\n<p><u><strong>Bungalows B:<\/strong><\/u><\/p>\n<ul>\n<li>2 chambres &#8211; 37m2<\/li>\n<li>Seulement rez de chauss\u00e9e: tr\u00e8s accessible pour les personnes \u00e2g\u00e9es et les petits enfants<br \/>\nS\u00e9jour avec lit avec lit cach\u00e9, salle \u00e0 manger, cuisine, chambre double, salle de bains<\/li>\n<\/ul>\n<p>&nbsp;<\/p>\n<p><img loading=\"lazy\" decoding=\"async\" class=\"alignnone wp-image-111\" src=\"http:\/\/www.villasanignacio.com.ar\/w\/wp-content\/uploads\/2018\/06\/Bungalow-B-4-300x200.jpg\" alt=\"\" width=\"251\" height=\"167\" srcset=\"https:\/\/www.villasanignacio.com.ar\/w\/wp-content\/uploads\/2018\/06\/Bungalow-B-4-300x200.jpg 300w, https:\/\/www.villasanignacio.com.ar\/w\/wp-content\/uploads\/2018\/06\/Bungalow-B-4-768x512.jpg 768w, https:\/\/www.villasanignacio.com.ar\/w\/wp-content\/uploads\/2018\/06\/Bungalow-B-4-320x213.jpg 320w, https:\/\/www.villasanignacio.com.ar\/w\/wp-content\/uploads\/2018\/06\/Bungalow-B-4-480x320.jpg 480w, https:\/\/www.villasanignacio.com.ar\/w\/wp-content\/uploads\/2018\/06\/Bungalow-B-4-800x534.jpg 800w, https:\/\/www.villasanignacio.com.ar\/w\/wp-content\/uploads\/2018\/06\/Bungalow-B-4.jpg 1024w\" sizes=\"(max-width: 251px) 100vw, 251px\" \/> <img loading=\"lazy\" decoding=\"async\" class=\"alignnone wp-image-112\" src=\"http:\/\/www.villasanignacio.com.ar\/w\/wp-content\/uploads\/2018\/06\/Bungalow-B-3-300x200.jpg\" alt=\"\" width=\"249\" height=\"166\" srcset=\"https:\/\/www.villasanignacio.com.ar\/w\/wp-content\/uploads\/2018\/06\/Bungalow-B-3-300x200.jpg 300w, https:\/\/www.villasanignacio.com.ar\/w\/wp-content\/uploads\/2018\/06\/Bungalow-B-3-768x512.jpg 768w, https:\/\/www.villasanignacio.com.ar\/w\/wp-content\/uploads\/2018\/06\/Bungalow-B-3-320x213.jpg 320w, https:\/\/www.villasanignacio.com.ar\/w\/wp-content\/uploads\/2018\/06\/Bungalow-B-3-480x320.jpg 480w, https:\/\/www.villasanignacio.com.ar\/w\/wp-content\/uploads\/2018\/06\/Bungalow-B-3-800x534.jpg 800w, https:\/\/www.villasanignacio.com.ar\/w\/wp-content\/uploads\/2018\/06\/Bungalow-B-3.jpg 1024w\" sizes=\"(max-width: 249px) 100vw, 249px\" \/>\u00a0<img loading=\"lazy\" decoding=\"async\" class=\"alignnone wp-image-114\" src=\"http:\/\/www.villasanignacio.com.ar\/w\/wp-content\/uploads\/2018\/06\/Bungalow-B-5-300x200.jpg\" alt=\"\" width=\"251\" height=\"167\" srcset=\"https:\/\/www.villasanignacio.com.ar\/w\/wp-content\/uploads\/2018\/06\/Bungalow-B-5-300x200.jpg 300w, https:\/\/www.villasanignacio.com.ar\/w\/wp-content\/uploads\/2018\/06\/Bungalow-B-5-768x512.jpg 768w, https:\/\/www.villasanignacio.com.ar\/w\/wp-content\/uploads\/2018\/06\/Bungalow-B-5-320x213.jpg 320w, https:\/\/www.villasanignacio.com.ar\/w\/wp-content\/uploads\/2018\/06\/Bungalow-B-5-480x320.jpg 480w, https:\/\/www.villasanignacio.com.ar\/w\/wp-content\/uploads\/2018\/06\/Bungalow-B-5-800x534.jpg 800w, https:\/\/www.villasanignacio.com.ar\/w\/wp-content\/uploads\/2018\/06\/Bungalow-B-5.jpg 1024w\" sizes=\"(max-width: 251px) 100vw, 251px\" \/><\/p>\n<hr \/>\n<p>&nbsp;<\/p>\n","protected":false},"excerpt":{"rendered":"<p>Int\u00e9rieurs Bungalows enti\u00e8rement \u00e9quip\u00e9s et d\u00e9cor\u00e9s dans le style de la Patagonie Bungalows A: 4 chambres &#8211; 60m2 Rez de chauss\u00e9e: grand salon-salle \u00e0 manger, cuisine, chambre double, salle de bains Au 1\u00aa \u00e9tage:&#46;&#46;&#46;<\/p>\n","protected":false},"author":1,"featured_media":0,"parent":0,"menu_order":0,"comment_status":"closed","ping_status":"closed","template":"","meta":{"footnotes":""},"aioseo_notices":[],"_links":{"self":[{"href":"https:\/\/www.villasanignacio.com.ar\/w\/wp-json\/wp\/v2\/pages\/191"}],"collection":[{"href":"https:\/\/www.villasanignacio.com.ar\/w\/wp-json\/wp\/v2\/pages"}],"about":[{"href":"https:\/\/www.villasanignacio.com.ar\/w\/wp-json\/wp\/v2\/types\/page"}],"author":[{"embeddable":true,"href":"https:\/\/www.villasanignacio.com.ar\/w\/wp-json\/wp\/v2\/users\/1"}],"replies":[{"embeddable":true,"href":"https:\/\/www.villasanignacio.com.ar\/w\/wp-json\/wp\/v2\/comments?post=191"}],"version-history":[{"count":5,"href":"https:\/\/www.villasanignacio.com.ar\/w\/wp-json\/wp\/v2\/pages\/191\/revisions"}],"predecessor-version":[{"id":289,"href":"https:\/\/www.villasanignacio.com.ar\/w\/wp-json\/wp\/v2\/pages\/191\/revisions\/289"}],"wp:attachment":[{"href":"https:\/\/www.villasanignacio.com.ar\/w\/wp-json\/wp\/v2\/media?parent=191"}],"curies":[{"name":"wp","href":"https:\/\/api.w.org\/{rel}","templated":true}]}}