{"id":30,"date":"2018-06-13T21:12:24","date_gmt":"2018-06-13T21:12:24","guid":{"rendered":"http:\/\/www.villasanignacio.com.ar\/w\/?page_id=30"},"modified":"2018-11-13T20:56:46","modified_gmt":"2018-11-13T20:56:46","slug":"servicios","status":"publish","type":"page","link":"https:\/\/www.villasanignacio.com.ar\/w\/servicios\/","title":{"rendered":"servicios"},"content":{"rendered":"<div class=\"vce-row-container\"><div class=\"vce-row vce-row--col-gap-30 vce-row-columns--top vce-row-content--top\" id=\"el-82aa8569\" data-vce-do-apply=\"all el-82aa8569\" data-vce-animate=\"vce-o-animate--fadeInRight\"><div class=\"vce-content-background-container\"><div class=\"vce-asset-parallax-container vce-visible-all-only\" data-vce-assets-parallax=\".vce-asset-parallax\" data-vce-assets-parallax-fade=\"true\"><div class=\"vce-asset-parallax\" style=\"top: -30vh; bottom: -30vh; transform: translateY(-28.0534vh);\"><\/div><\/div><\/div><div class=\"vce-row-content\" data-vce-element-content=\"true\" style=\"opacity: 0.0374409;\"><div class=\"vce-col vce-col--md-100p vce-col--xs-1 vce-col--xs-last vce-col--xs-first vce-col--sm-last vce-col--sm-first vce-col--md-last vce-col--lg-last vce-col--xl-last vce-col--md-first vce-col--lg-first vce-col--xl-first\" id=\"el-299b8fc2\" data-vce-do-apply=\"background border el-299b8fc2\"><div class=\"vce-col-inner\" data-vce-element-content=\"true\" data-vce-do-apply=\"padding margin  el-299b8fc2\"><div class=\"vce-text-block\"><div class=\"vce-text-block-wrapper vce\" id=\"el-057aeca1\" data-vce-do-apply=\"all el-057aeca1\"><h2><span style=\"color: #333300;\">Servicios<\/span><u><\/u><\/h2>\n<p align=\"left\"><b> En nuestro complejo encontrar\u00e1n&nbsp; bungalows con estilo patag\u00f3nico, c<\/b><img loading=\"lazy\" decoding=\"async\" class=\"size-medium wp-image-415 alignright\" src=\"https:\/\/www.villasanignacio.com.ar\/w\/wp-content\/uploads\/2018\/10\/2018_Living2-300x225.jpg\" alt=\"\" width=\"300\" height=\"225\" srcset=\"https:\/\/www.villasanignacio.com.ar\/w\/wp-content\/uploads\/2018\/10\/2018_Living2-300x225.jpg 300w, https:\/\/www.villasanignacio.com.ar\/w\/wp-content\/uploads\/2018\/10\/2018_Living2-768x576.jpg 768w, https:\/\/www.villasanignacio.com.ar\/w\/wp-content\/uploads\/2018\/10\/2018_Living2-320x240.jpg 320w, https:\/\/www.villasanignacio.com.ar\/w\/wp-content\/uploads\/2018\/10\/2018_Living2-480x360.jpg 480w, https:\/\/www.villasanignacio.com.ar\/w\/wp-content\/uploads\/2018\/10\/2018_Living2-800x600.jpg 800w, https:\/\/www.villasanignacio.com.ar\/w\/wp-content\/uploads\/2018\/10\/2018_Living2.jpg 1024w\" sizes=\"(max-width: 300px) 100vw, 300px\" \/><b>onstruidos en madera y piedras lajas, sobre un terreno de 1600 m2, bell\u00edsimos jardines y un arroyo natural con truchas<\/b><\/p>\n<p align=\"left\">Les brindamos un ambiente familiar , con la atenci\u00f3n personalizada de sus propios due\u00f1os, quienes los<b>&nbsp;&nbsp; <\/b>asesoraremos durante su estad\u00eda para conocer las diversas actividades que se pueden desarrollar en la regi\u00f3n.<\/p>\n<p>- Dormitorios independientes<br>\n- Cocina con horno y microondas<br>\n- Heladera grande - vajilla completa<br>\n- Parrilla, parque, juegos infantiles<br>\n- Wi Fi Zone en los bungalows - TV por cable<br>\n- Estacionamiento descubierto, dentro del predio<br>\n- Calefacci\u00f3n con estufas de tiro balanceado<br>\n- Agua caliente con termotanque individual<br>\n- Ropa de blanco inclu\u00edda - Secador de pelo<br>\n- Luces de emergencia<br>\n- Para beb\u00e9s: cuna, silla de comer, ba\u00f1adera y protecciones de escalera<br>\n- Informaci\u00f3n tur\u00edstica<br>\n- Predio cercado para su seguridad<br>\n- Centro comercial a 20 metros (despensas, rotiser\u00eda, verduler\u00eda, carnicer\u00eda, farmacia, etc.)<br>\n- El servicio p\u00fablico de transporte (colectivos) al Centro y al Cerro Catedral pasan por la puerta.<br>\n- Fran\u00e7ais - Italiano - English - Portugu\u00e9s<\/p><p><br><\/p>\n<p>&nbsp;<br><\/p>\n<p>&nbsp;<\/p>\n<\/div><\/div><\/div><\/div><\/div><\/div><\/div><div class=\"vce-row-container\"><div class=\"vce-row vce-row--col-gap-30 vce-row-columns--top vce-row-content--top\" id=\"el-1cf4e066\" data-vce-do-apply=\"all el-1cf4e066\"><div class=\"vce-row-content\" data-vce-element-content=\"true\"><div class=\"vce-col vce-col--md-31-97p vce-col--xs-1 vce-col--xs-last vce-col--xs-first vce-col--sm-last vce-col--sm-first vce-col--md-first vce-col--lg-first vce-col--xl-first\" id=\"el-b249dfe7\" data-vce-do-apply=\"background border el-b249dfe7\"><div class=\"vce-col-inner\" data-vce-element-content=\"true\" data-vce-do-apply=\"padding margin  el-b249dfe7\"><div class=\"vce-single-image-container vce-single-image--align-center\"><div class=\"vce vce-single-image-wrapper\" id=\"el-b5a6c942\" data-vce-do-apply=\"all el-b5a6c942\"><figure><div class=\"vce-single-image-inner\"><img class=\"vce-single-image\" data-width=\"1024\" data-height=\"768\"src=\"https:\/\/www.villasanignacio.com.ar\/w\/wp-content\/uploads\/2018\/11\/Verano-11-1024x768.jpg\" data-img-src=\"https:\/\/www.villasanignacio.com.ar\/w\/wp-content\/uploads\/2018\/10\/Verano-11.jpg\" alt=\"\" title=\"OLYMPUS DIGITAL CAMERA\"\/><\/div><figcaption><\/figcaption><\/figure><\/div><\/div><\/div><\/div><div class=\"vce-col vce-col--md-34-69p vce-col--xs-1 vce-col--xs-last vce-col--xs-first vce-col--sm-last vce-col--sm-first\" id=\"el-77b08f2e\" data-vce-do-apply=\"background border el-77b08f2e\"><div class=\"vce-col-inner\" data-vce-element-content=\"true\" data-vce-do-apply=\"padding margin  el-77b08f2e\"><div class=\"vce-single-image-container vce-single-image--align-left\"><div class=\"vce vce-single-image-wrapper\" id=\"el-a9bd2e25\" data-vce-do-apply=\"all el-a9bd2e25\"><figure><div class=\"vce-single-image-inner\"><img class=\"vce-single-image\" data-width=\"1024\" data-height=\"683\"src=\"https:\/\/www.villasanignacio.com.ar\/w\/wp-content\/uploads\/2018\/11\/tulipan-1024x683.jpg\" data-img-src=\"https:\/\/www.villasanignacio.com.ar\/w\/wp-content\/uploads\/2018\/06\/tulipan.jpg\" alt=\"\" title=\"tulipan\"\/><\/div><\/figure><\/div><\/div><\/div><\/div><div class=\"vce-col vce-col--md-33-33p vce-col--xs-1 vce-col--xs-last vce-col--xs-first vce-col--sm-last vce-col--sm-first vce-col--md-last vce-col--lg-last vce-col--xl-last\" id=\"el-a4584021\" data-vce-do-apply=\"background border el-a4584021\"><div class=\"vce-col-inner\" data-vce-element-content=\"true\" data-vce-do-apply=\"padding margin  el-a4584021\"><div class=\"vce-single-image-container vce-single-image--align-left\"><div class=\"vce vce-single-image-wrapper\" id=\"el-282e4d9d\" data-vce-do-apply=\"all el-282e4d9d\"><figure><div class=\"vce-single-image-inner\"><img class=\"vce-single-image\" data-width=\"1024\" data-height=\"683\"src=\"https:\/\/www.villasanignacio.com.ar\/w\/wp-content\/uploads\/2018\/11\/Verano-1-1024x683.jpg\" data-img-src=\"https:\/\/www.villasanignacio.com.ar\/w\/wp-content\/uploads\/2018\/10\/Verano-1.jpg\" alt=\"\" title=\"Verano (1)\"\/><\/div><\/figure><\/div><\/div><\/div><\/div><\/div><\/div><\/div>\n","protected":false},"excerpt":{"rendered":"<p>Servicios En nuestro complejo encontrar\u00e1n&nbsp; bungalows con estilo patag\u00f3nico, construidos en madera y piedras lajas, sobre un terreno de 1600 m2, bell\u00edsimos jardines y un arroyo natural con truchas Les brindamos un ambiente familiar&#46;&#46;&#46;<\/p>\n","protected":false},"author":1,"featured_media":0,"parent":0,"menu_order":0,"comment_status":"closed","ping_status":"closed","template":"","meta":{"footnotes":""},"aioseo_notices":[],"_links":{"self":[{"href":"https:\/\/www.villasanignacio.com.ar\/w\/wp-json\/wp\/v2\/pages\/30"}],"collection":[{"href":"https:\/\/www.villasanignacio.com.ar\/w\/wp-json\/wp\/v2\/pages"}],"about":[{"href":"https:\/\/www.villasanignacio.com.ar\/w\/wp-json\/wp\/v2\/types\/page"}],"author":[{"embeddable":true,"href":"https:\/\/www.villasanignacio.com.ar\/w\/wp-json\/wp\/v2\/users\/1"}],"replies":[{"embeddable":true,"href":"https:\/\/www.villasanignacio.com.ar\/w\/wp-json\/wp\/v2\/comments?post=30"}],"version-history":[{"count":20,"href":"https:\/\/www.villasanignacio.com.ar\/w\/wp-json\/wp\/v2\/pages\/30\/revisions"}],"predecessor-version":[{"id":561,"href":"https:\/\/www.villasanignacio.com.ar\/w\/wp-json\/wp\/v2\/pages\/30\/revisions\/561"}],"wp:attachment":[{"href":"https:\/\/www.villasanignacio.com.ar\/w\/wp-json\/wp\/v2\/media?parent=30"}],"curies":[{"name":"wp","href":"https:\/\/api.w.org\/{rel}","templated":true}]}}