{"id":43,"date":"2018-06-13T21:18:15","date_gmt":"2018-06-13T21:18:15","guid":{"rendered":"http:\/\/www.villasanignacio.com.ar\/w\/?page_id=43"},"modified":"2018-11-13T21:24:41","modified_gmt":"2018-11-13T21:24:41","slug":"bariloche","status":"publish","type":"page","link":"https:\/\/www.villasanignacio.com.ar\/w\/bariloche\/","title":{"rendered":"Bariloche"},"content":{"rendered":"<div class=\"vce-row-container\"><div class=\"vce-row vce-row--col-gap-30 vce-row-columns--top vce-row-content--top\" id=\"el-c4a59b91\" data-vce-do-apply=\"all el-c4a59b91\"><div class=\"vce-row-content\" data-vce-element-content=\"true\"><div class=\"vce-col vce-col--md-100p vce-col--xs-1 vce-col--xs-last vce-col--xs-first vce-col--sm-last vce-col--sm-first vce-col--md-last vce-col--lg-last vce-col--xl-last vce-col--md-first vce-col--lg-first vce-col--xl-first\" id=\"el-62b1f828\" data-vce-do-apply=\"background border el-62b1f828\"><div class=\"vce-content-background-container\"><div class=\"vce-asset-parallax-container vce-visible-all-only\" data-vce-assets-parallax=\".vce-asset-parallax\" data-vce-assets-parallax-fade=\"true\"><div class=\"vce-asset-parallax\" style=\"top: -30vh; bottom: -30vh; transform: translateY(11.7612vh);\"><\/div><\/div><\/div><div class=\"vce-col-inner\" data-vce-element-content=\"true\" data-vce-do-apply=\"padding margin  el-62b1f828\" data-vce-animate=\"vce-o-animate--fadeInRight\"><div class=\"vce-row-container\"><div class=\"vce-row vce-row--col-gap-30 vce-row-columns--top vce-row-content--top\" id=\"el-f527a429\" data-vce-do-apply=\"all el-f527a429\"><div class=\"vce-row-content\" data-vce-element-content=\"true\"><div class=\"vce-col vce-col--md-auto vce-col--xs-1 vce-col--xs-last vce-col--xs-first vce-col--sm-last vce-col--sm-first vce-col--md-last vce-col--lg-last vce-col--xl-last vce-col--md-first vce-col--lg-first vce-col--xl-first\" id=\"el-3518785b\" data-vce-do-apply=\"background border el-3518785b\"><div class=\"vce-col-inner\" data-vce-element-content=\"true\" data-vce-do-apply=\"padding margin  el-3518785b\"><div class=\"vce-text-block\"><div class=\"vce-text-block-wrapper vce\" id=\"el-b90086fb\" data-vce-do-apply=\"all el-b90086fb\"><h2><span style=\"color: #333300;\">Bariloche<\/span><\/h2><\/div><\/div><\/div><\/div><\/div><\/div><\/div><div class=\"vce-row-container\"><div class=\"vce-row vce-row--col-gap-30 vce-row-columns--top vce-row-content--top\" id=\"el-3e0e0d15\" data-vce-do-apply=\"all el-3e0e0d15\"><div class=\"vce-row-content\" data-vce-element-content=\"true\"><div class=\"vce-col vce-col--md-auto vce-col--xs-1 vce-col--xs-last vce-col--xs-first vce-col--sm-last vce-col--sm-first vce-col--md-last vce-col--lg-last vce-col--xl-last vce-col--md-first vce-col--lg-first vce-col--xl-first\" id=\"el-da977454\" data-vce-do-apply=\"background border el-da977454\"><div class=\"vce-col-inner\" data-vce-element-content=\"true\" data-vce-do-apply=\"padding margin  el-da977454\"><div class=\"vce-image-gallery vce-image-gallery--gap-10 vce-image-gallery--columns-3 vce-image-gallery--border-rounded\"><div class=\"vce-image-gallery-wrapper vce\" id=\"el-cbe623c6\" data-vce-do-apply=\"all el-cbe623c6\" data-vce-animate=\"vce-o-animate--fadeInRight\"><div class=\"vce-image-gallery-list\"><div class=\"vce-image-gallery-item\"><figure class=\"vce-image-gallery-item-inner-wrapper\"><a href=\"https:\/\/www.villasanignacio.com.ar\/w\/wp-content\/uploads\/2018\/06\/puntanevada.jpg\" data-lightbox=\"lightbox-cbe623c6\" class=\"vce-image-gallery-item-inner\"><img decoding=\"async\" class=\"vce-image-gallery-img\" src=\"https:\/\/www.villasanignacio.com.ar\/w\/wp-content\/uploads\/2018\/06\/puntanevada-1024x683.jpg\" alt=\"\" title=\"puntanevada\"><\/a><\/figure><\/div><div class=\"vce-image-gallery-item\"><figure class=\"vce-image-gallery-item-inner-wrapper\"><a href=\"https:\/\/www.villasanignacio.com.ar\/w\/wp-content\/uploads\/2018\/06\/limay.jpg\" data-lightbox=\"lightbox-cbe623c6\" class=\"vce-image-gallery-item-inner\"><img decoding=\"async\" class=\"vce-image-gallery-img\" src=\"https:\/\/www.villasanignacio.com.ar\/w\/wp-content\/uploads\/2018\/06\/limay-1024x683.jpg\" alt=\"\" title=\"limay\"><\/a><\/figure><\/div><div class=\"vce-image-gallery-item\"><figure class=\"vce-image-gallery-item-inner-wrapper\"><a href=\"https:\/\/www.villasanignacio.com.ar\/w\/wp-content\/uploads\/2018\/06\/playaverde.jpg\" data-lightbox=\"lightbox-cbe623c6\" class=\"vce-image-gallery-item-inner\"><img decoding=\"async\" class=\"vce-image-gallery-img\" src=\"https:\/\/www.villasanignacio.com.ar\/w\/wp-content\/uploads\/2018\/06\/playaverde-1024x683.jpg\" alt=\"\" title=\"playaverde\"><\/a><\/figure><\/div><div class=\"vce-image-gallery-item\"><figure class=\"vce-image-gallery-item-inner-wrapper\"><a href=\"https:\/\/www.villasanignacio.com.ar\/w\/wp-content\/uploads\/2018\/06\/barilochedron.jpg\" data-lightbox=\"lightbox-cbe623c6\" class=\"vce-image-gallery-item-inner\"><img decoding=\"async\" class=\"vce-image-gallery-img\" src=\"https:\/\/www.villasanignacio.com.ar\/w\/wp-content\/uploads\/2018\/06\/barilochedron.jpg\" alt=\"\" title=\"barilochedron\"><\/a><\/figure><\/div><div class=\"vce-image-gallery-item\"><figure class=\"vce-image-gallery-item-inner-wrapper\"><a href=\"https:\/\/www.villasanignacio.com.ar\/w\/wp-content\/uploads\/2018\/06\/canopynieve.jpg\" data-lightbox=\"lightbox-cbe623c6\" class=\"vce-image-gallery-item-inner\"><img decoding=\"async\" class=\"vce-image-gallery-img\" src=\"https:\/\/www.villasanignacio.com.ar\/w\/wp-content\/uploads\/2018\/06\/canopynieve-1024x683.jpg\" alt=\"\" title=\"canopynieve\"><\/a><\/figure><\/div><div class=\"vce-image-gallery-item\"><figure class=\"vce-image-gallery-item-inner-wrapper\"><a href=\"https:\/\/www.villasanignacio.com.ar\/w\/wp-content\/uploads\/2018\/06\/chochos.jpg\" data-lightbox=\"lightbox-cbe623c6\" class=\"vce-image-gallery-item-inner\"><img decoding=\"async\" class=\"vce-image-gallery-img\" src=\"https:\/\/www.villasanignacio.com.ar\/w\/wp-content\/uploads\/2018\/06\/chochos-1024x640.jpg\" alt=\"\" title=\"chochos\"><\/a><\/figure><\/div><\/div><\/div><\/div><\/div><\/div><\/div><\/div><\/div><div class=\"vce-text-block\"><div class=\"vce-text-block-wrapper vce\" id=\"el-f060e42c\" data-vce-do-apply=\"all el-f060e42c\"><p><br><\/p>\n<hr>\n<h2 align=\"left\"><u><b><i>Actividades:<\/i><\/b><\/u><\/h2>\n<p align=\"left\"><strong> Actividades que se pueden realizar en San Carlos de Bariloche:<\/strong><\/p>\n<table id=\"table5\" width=\"100%\" cellspacing=\"0\" cellpadding=\"3\" border=\"0\">\n<tbody>\n<tr>\n<td width=\"53\"><a href=\"http:\/\/villasanignacio.com.ar\/images\/flyfishing.jpg\" target=\"_self\"> <img loading=\"lazy\" decoding=\"async\" src=\"http:\/\/villasanignacio.com.ar\/flyfishing.jpg\" width=\"100\" height=\"102\" border=\"0\"><\/a><\/td>\n<td><b> Pesca de trucha en los diferentes estilos,<br>\ndesde el 01 de noviembre al 30 de abril.<\/b><\/td>\n<\/tr>\n<tr>\n<td width=\"53\"><a href=\"http:\/\/villasanignacio.com.ar\/images\/pescaembarcada.jpg\" target=\"_self\"> <img loading=\"lazy\" decoding=\"async\" src=\"http:\/\/villasanignacio.com.ar\/fpescae.jpg\" width=\"100\" height=\"73\" border=\"0\"><\/a><\/td>\n<td><b> Pesca embarcada.<\/b><\/td>\n<\/tr>\n<tr>\n<td width=\"53\"><a href=\"http:\/\/villasanignacio.com.ar\/images\/cabalgata.jpg\" target=\"_self\"> <img loading=\"lazy\" decoding=\"async\" src=\"http:\/\/villasanignacio.com.ar\/fcabalgata.jpg\" width=\"100\" height=\"103\" border=\"0\"><\/a><\/td>\n<td><b> Cabalgata con caballos criollos por senderos de monta\u00f1a.<\/b><\/td>\n<\/tr>\n<tr>\n<td width=\"53\"><a href=\"http:\/\/villasanignacio.com.ar\/images\/mountainbike.jpg\" target=\"_self\"> <img loading=\"lazy\" decoding=\"async\" src=\"http:\/\/villasanignacio.com.ar\/mountainbike.jpg\" width=\"100\" height=\"80\" border=\"0\"><\/a><\/td>\n<td><b> Mountain bike por caminos y monta\u00f1as.<\/b><\/td>\n<\/tr>\n<tr>\n<td width=\"53\"><a href=\"http:\/\/villasanignacio.com.ar\/images\/trekking.jpg\" target=\"_self\"> <img loading=\"lazy\" decoding=\"async\" src=\"http:\/\/villasanignacio.com.ar\/ftrekking.jpg\" width=\"100\" height=\"97\" border=\"0\"><\/a><\/td>\n<td>\n<p align=\"left\"><b> Trekking, campamentismo, rapel, escaladas con posibilidad de pernocte en refugios de monta\u00f1a.<\/b><\/p>\n<\/td>\n<\/tr>\n<tr>\n<td width=\"53\"><a href=\"http:\/\/villasanignacio.com.ar\/images\/esquiadores.jpg\" target=\"_self\"> <img loading=\"lazy\" decoding=\"async\" src=\"http:\/\/villasanignacio.com.ar\/esquiaqdores.jpg\" width=\"100\" height=\"86\" border=\"0\"><\/a><\/td>\n<td><b> Deportes de nieve dese el 15 de junio al 15 de octubre.<br>\n(Esqui alpino, esqui de fondo, snowboard, snowcat, etc)<\/b><\/td>\n<\/tr>\n<tr>\n<td width=\"53\"><\/td>\n<td><b> Estad\u00eda ling\u00fc\u00edstica con clases con profesores de primer nivel.<\/b><\/td>\n<\/tr>\n<tr>\n<td width=\"53\"><a href=\"http:\/\/villasanignacio.com.ar\/images\/lagofrias.jpg\" target=\"_self\"> <img loading=\"lazy\" decoding=\"async\" src=\"http:\/\/villasanignacio.com.ar\/ffrias.jpg\" width=\"100\" height=\"82\" border=\"0\"><\/a><\/td>\n<td><b> Paseos lacustres hacia la Isla Victoria y el Bosque de Arrayanes, unico en el mundo, Puerto Blest, Lago Frias y Cascada los C\u00e1ntaros, con posible cruce a Chile.<\/b><\/td>\n<\/tr>\n<tr>\n<td width=\"53\"><a href=\"http:\/\/villasanignacio.com.ar\/images\/rafting.jpg\" target=\"_self\"> <img loading=\"lazy\" decoding=\"async\" src=\"http:\/\/villasanignacio.com.ar\/frafting.jpg\" width=\"100\" height=\"75\" border=\"0\"><\/a><\/td>\n<td><b> Rafting por los rios Manso y Limay.<\/b><\/td>\n<\/tr>\n<tr>\n<td width=\"53\"><a href=\"http:\/\/villasanignacio.com.ar\/images\/llaollao.jpg\" target=\"_self\"> <img loading=\"lazy\" decoding=\"async\" src=\"http:\/\/villasanignacio.com.ar\/fllaollao.jpg\" width=\"100\" height=\"101\" border=\"0\"><\/a><\/td>\n<td><b> Paseos terrestres, recorrido por la ciudad haciendo el Circuito Chico.<\/b><\/td>\n<\/tr>\n<tr>\n<td width=\"53\"><a href=\"http:\/\/villasanignacio.com.ar\/images\/tronador.jpg\" target=\"_self\"> <img loading=\"lazy\" decoding=\"async\" src=\"http:\/\/villasanignacio.com.ar\/ftronador.jpg\" width=\"100\" height=\"57\" border=\"0\"><\/a><\/td>\n<td><b> Excursi\u00f3n al Cerro Tronador, Cascada de los Alerces y Ventisquero Negro, Lago Mascardi y Lago Gutierrez.<\/b><\/td>\n<\/tr>\n<tr>\n<td width=\"53\"><a href=\"http:\/\/villasanignacio.com.ar\/images\/smandes.jpg\" target=\"_self\"> <img loading=\"lazy\" decoding=\"async\" src=\"http:\/\/villasanignacio.com.ar\/smandes.jpg\" width=\"100\" height=\"75\" border=\"0\"><\/a><\/td>\n<td><b> Excursi\u00f3n por la ruta de los Siete Lagos hacia San Martin de los Andes.<\/b><\/td>\n<\/tr>\n<tr>\n<td width=\"53\"><a href=\"http:\/\/villasanignacio.com.ar\/images\/elbolson.jpg\" target=\"_self\"> <img loading=\"lazy\" decoding=\"async\" src=\"http:\/\/villasanignacio.com.ar\/fbolson.jpg\" width=\"100\" height=\"80\" border=\"0\"><\/a><\/td>\n<td><b> Excursi\u00f3n a El Bols\u00f3n, chacras de fruta fina, Lago Puelo.<\/b><\/td>\n<\/tr>\n<tr>\n<td width=\"53\"><a href=\"http:\/\/villasanignacio.com.ar\/images\/lagotraful.jpg\" target=\"_self\"> <img loading=\"lazy\" decoding=\"async\" src=\"http:\/\/villasanignacio.com.ar\/ftraful.jpg\" width=\"100\" height=\"80\" border=\"0\"><\/a><\/td>\n<td><b> Villa Traful y Lago Traful.<\/b><\/td>\n<\/tr>\n<tr>\n<td width=\"53\"><a href=\"http:\/\/villasanignacio.com.ar\/images\/teleferico.jpg\" target=\"_self\"> <img loading=\"lazy\" decoding=\"async\" src=\"http:\/\/villasanignacio.com.ar\/teleferico.jpg\" width=\"100\" height=\"68\" border=\"0\"><\/a><\/td>\n<td><b> Ascenso al Cerro Otto y visita a su exclusiva Confiter\u00eda Giratoria.<\/b><\/td>\n<\/tr>\n<tr>\n<td width=\"53\"><a href=\"http:\/\/villasanignacio.com.ar\/images\/campanario.jpg\" target=\"_self\"> <img loading=\"lazy\" decoding=\"async\" src=\"http:\/\/villasanignacio.com.ar\/fcampanario.jpg\" width=\"100\" height=\"75\" border=\"0\"><\/a><\/td>\n<td><b> Ascenso al Cerro Campanario, una d elas 7 mejores vistas del mundo.<\/b><\/td>\n<\/tr>\n<tr>\n<td width=\"53\"><img loading=\"lazy\" decoding=\"async\" src=\"http:\/\/villasanignacio.com.ar\/actividades_archivos\/image002.jpg\" width=\"98\" height=\"95\" border=\"0\"><\/td>\n<td><b> Clases y espect\u00e1culos de Tango. Espect\u00e1culos de folklore nacional.<\/b><\/td>\n<\/tr>\n<tr>\n<td width=\"53\"><\/td>\n<\/tr>\n<\/tbody>\n<\/table>\n<p>&nbsp;<\/p>\n<\/div><\/div><\/div><\/div><\/div><\/div><\/div>\n","protected":false},"excerpt":{"rendered":"<p>Bariloche Actividades: Actividades que se pueden realizar en San Carlos de Bariloche: Pesca de trucha en los diferentes estilos, desde el 01 de noviembre al 30 de abril. Pesca embarcada. Cabalgata con caballos criollos&#46;&#46;&#46;<\/p>\n","protected":false},"author":1,"featured_media":0,"parent":0,"menu_order":0,"comment_status":"closed","ping_status":"closed","template":"","meta":{"footnotes":""},"aioseo_notices":[],"_links":{"self":[{"href":"https:\/\/www.villasanignacio.com.ar\/w\/wp-json\/wp\/v2\/pages\/43"}],"collection":[{"href":"https:\/\/www.villasanignacio.com.ar\/w\/wp-json\/wp\/v2\/pages"}],"about":[{"href":"https:\/\/www.villasanignacio.com.ar\/w\/wp-json\/wp\/v2\/types\/page"}],"author":[{"embeddable":true,"href":"https:\/\/www.villasanignacio.com.ar\/w\/wp-json\/wp\/v2\/users\/1"}],"replies":[{"embeddable":true,"href":"https:\/\/www.villasanignacio.com.ar\/w\/wp-json\/wp\/v2\/comments?post=43"}],"version-history":[{"count":10,"href":"https:\/\/www.villasanignacio.com.ar\/w\/wp-json\/wp\/v2\/pages\/43\/revisions"}],"predecessor-version":[{"id":568,"href":"https:\/\/www.villasanignacio.com.ar\/w\/wp-json\/wp\/v2\/pages\/43\/revisions\/568"}],"wp:attachment":[{"href":"https:\/\/www.villasanignacio.com.ar\/w\/wp-json\/wp\/v2\/media?parent=43"}],"curies":[{"name":"wp","href":"https:\/\/api.w.org\/{rel}","templated":true}]}}